{"id":18,"date":"2021-01-15T13:09:05","date_gmt":"2021-01-15T12:09:05","guid":{"rendered":"http:\/\/serwer1307223.home.pl\/utw\/?page_id=18"},"modified":"2021-08-19T13:32:16","modified_gmt":"2021-08-19T11:32:16","slug":"kontakt","status":"publish","type":"page","link":"https:\/\/utwnml.pl\/index.php\/kontakt\/","title":{"rendered":"Kontakt"},"content":{"rendered":"\n<p class=\"has-text-align-center has-medium-font-size\"><strong>Uniwersytet Trzeciego Wieku<\/strong><br>w Nowym Mie\u015bcie Lubawskim<br>ul. Dzia\u0142y\u0144skich 2a<br>13-300 Nowe Miasto Lubawskie<\/p>\n\n\n\n<p class=\"has-text-align-center has-medium-font-size\"><br><strong>Telefon: <\/strong>733 300 440<br><strong>E-mail: <\/strong>u3wnml@wp.pl<br>Biuro czynne w godzinach 9-15 lub 9-17<br><strong>Numer konta:<\/strong><br>Bank BNP PARIBAS Bank Polska S.A. 50-2030-0045-1110-0000-0328-4110<br>Krajowy Rejestr S\u0105dowy \u2013 nr KRS: 0000445573<br><strong>Konto wycieczkowe:<\/strong><br>50-1600-1462-1019-2757-3000-0002<\/p>\n\n\n\n<p><\/p>\n\n\n\n<p class=\"has-text-align-center has-medium-font-size\"><br><strong>NIP 877 14 76 578<br>REGON 281 465 563<\/strong><\/p>\n\n\n\n<center><iframe loading=\"lazy\" src=\"https:\/\/www.google.com\/maps\/embed?pb=!1m18!1m12!1m3!1d1188.6881448477798!2d19.589883990878477!3d53.425979897707016!2m3!1f0!2f0!3f0!3m2!1i1024!2i768!4f13.1!3m3!1m2!1s0x471d16831ab89b77%3A0x918bbe51921c8b85!2sDzia%C5%82y%C5%84skich%202A%2C%2013-300%20Nowe%20Miasto%20Lubawskie!5e0!3m2!1spl!2spl!4v1611314756790!5m2!1spl!2spl\" width=\"600\" height=\"450\" frameborder=\"0\" style=\"border:0;\" allowfullscreen=\"\" aria-hidden=\"false\" tabindex=\"0\"><\/iframe><\/center>\n\n\n\n<p><\/p>\n","protected":false},"excerpt":{"rendered":"<p>Uniwersytet Trzeciego Wiekuw Nowym Mie\u015bcie Lubawskimul. Dzia\u0142y\u0144skich 2a13-300 Nowe Miasto Lubawskie Telefon: 733 300 440E-mail: u3wnml@wp.plBiuro czynne w godzinach 9-15 lub 9-17Numer konta:Bank BNP PARIBAS Bank Polska S.A. 50-2030-0045-1110-0000-0328-4110Krajowy Rejestr S\u0105dowy \u2013 nr KRS: 0000445573Konto wycieczkowe:50-1600-1462-1019-2757-3000-0002 NIP 877 14 76 578REGON 281 465 563<\/p>\n","protected":false},"author":2,"featured_media":0,"parent":0,"menu_order":0,"comment_status":"closed","ping_status":"closed","template":"page-templates\/right-sidebar.php","meta":{"footnotes":""},"class_list":["post-18","page","type-page","status-publish","hentry"],"_links":{"self":[{"href":"https:\/\/utwnml.pl\/index.php\/wp-json\/wp\/v2\/pages\/18","targetHints":{"allow":["GET"]}}],"collection":[{"href":"https:\/\/utwnml.pl\/index.php\/wp-json\/wp\/v2\/pages"}],"about":[{"href":"https:\/\/utwnml.pl\/index.php\/wp-json\/wp\/v2\/types\/page"}],"author":[{"embeddable":true,"href":"https:\/\/utwnml.pl\/index.php\/wp-json\/wp\/v2\/users\/2"}],"replies":[{"embeddable":true,"href":"https:\/\/utwnml.pl\/index.php\/wp-json\/wp\/v2\/comments?post=18"}],"version-history":[{"count":15,"href":"https:\/\/utwnml.pl\/index.php\/wp-json\/wp\/v2\/pages\/18\/revisions"}],"predecessor-version":[{"id":430,"href":"https:\/\/utwnml.pl\/index.php\/wp-json\/wp\/v2\/pages\/18\/revisions\/430"}],"wp:attachment":[{"href":"https:\/\/utwnml.pl\/index.php\/wp-json\/wp\/v2\/media?parent=18"}],"curies":[{"name":"wp","href":"https:\/\/api.w.org\/{rel}","templated":true}]}}