{"id":16,"date":"2021-01-15T13:08:50","date_gmt":"2021-01-15T12:08:50","guid":{"rendered":"http:\/\/serwer1307223.home.pl\/utw\/?page_id=16"},"modified":"2024-08-22T13:32:44","modified_gmt":"2024-08-22T11:32:44","slug":"akty-prawne","status":"publish","type":"page","link":"https:\/\/utwnml.pl\/index.php\/akty-prawne\/","title":{"rendered":"Akty prawne"},"content":{"rendered":"\n<p><strong>STATUT UTW<\/strong><\/p>\n\n\n\n<div class=\"wp-block-file\"><a id=\"wp-block-file--media-f26aa4f1-d73d-48c7-be66-cf06b30ac6d7\" href=\"http:\/\/utwnml.pl\/wp-content\/uploads\/2023\/02\/STATUT-UTW-AKTUALNY-NA-STRONE.docx\">STATUT-UTW-AKTUALNY-NA-STRONE<\/a><a href=\"http:\/\/utwnml.pl\/wp-content\/uploads\/2023\/02\/STATUT-UTW-AKTUALNY-NA-STRONE.docx\" class=\"wp-block-file__button wp-element-button\" download aria-describedby=\"wp-block-file--media-f26aa4f1-d73d-48c7-be66-cf06b30ac6d7\">Pobierz<\/a><\/div>\n\n\n\n<p><strong>W\u0142adze UTW<\/strong>\u00a0wybrane przez Walne Zebranie w dniu  25 czerwiec 2024r.<\/p>\n\n\n\n<p><strong>ZARZ\u0104D<\/strong><\/p>\n\n\n\n<p><em>prezes&nbsp;<\/em>&#8211; &nbsp;El\u017cbieta Grzonkowska<\/p>\n\n\n\n<p><em>v-ce prezes<\/em>&nbsp;&nbsp;&#8211; Lech Bober<\/p>\n\n\n\n<p><em>v-ce prezes<\/em>&nbsp;&nbsp;&#8211; Krzysztof Wietecha<\/p>\n\n\n\n<p><em>sekretarz<\/em>\u00a0&#8211; Maria Jolanta Krezymon<\/p>\n\n\n\n<p><em>skarbnik<\/em>&nbsp;&#8211; Zofia Otremba<\/p>\n\n\n\n<p><em>cz\u0142onek zarz\u0105du<\/em>\u00a0&#8211; Ewa Wy\u017clic <\/p>\n\n\n\n<p><em>cz\u0142onek zarz\u0105du<\/em>\u00a0&#8211; Janina Niewska <\/p>\n\n\n\n<p><em>cz\u0142onek zarz\u0105du<\/em>\u00a0&#8211; Joanna Taranowska <\/p>\n\n\n\n<p><em>cz\u0142onek zarz\u0105du &#8211;<\/em>&nbsp;Aleksandra Regel-Wi\u015bniewska<\/p>\n\n\n\n<p><strong>Komisja Rewizyjna<\/strong>&nbsp;:<\/p>\n\n\n\n<p><em>przewodnicz\u0105ca<\/em>&nbsp;&#8211; Emilia Peterlejtner<\/p>\n\n\n\n<p><em>z-ca przewodnicz\u0105cej<\/em>\u00a0&#8211; Krystyna Jankowska <\/p>\n\n\n\n<p>Sekretarz  &#8211; Anna Gasiorek <\/p>\n\n\n\n<p><strong>Samorz\u0105d Studencki :<\/strong><\/p>\n\n\n\n<p><em>przewodnicz\u0105cy-&nbsp;<\/em>Bo\u017cena Rutkowska-Marciniak <\/p>\n\n\n\n<p><em>vice przewodnicz\u0105cy<\/em> &#8211; <\/p>\n\n\n\n<p><em>sekretarz<\/em>&nbsp;&#8211; Halina Wi\u015bniewska<\/p>\n\n\n\n<p><em>skarbnik&nbsp;<\/em>&#8211; Urszula \u015awiniarska<\/p>\n\n\n\n<p><em>cz\u0142onkowie Zarz\u0105du:&nbsp;<\/em>Maria Obuchowska , Barbara Tch\u00f3rzewska, Kazimierz Napi\u00f3rkowski<\/p>\n\n\n\n<p><strong>Rada Programowa :<\/strong><\/p>\n\n\n\n<p><em>przewodnicz\u0105ca &#8211;<\/em>&nbsp;Halina Wi\u015bniewska<\/p>\n\n\n\n<p><em>sekretarz <\/em>&#8211; Danuta Dembska<\/p>\n\n\n\n<p><em>cz\u0142onkowie<\/em>:<\/p>\n\n\n\n<p>Barbara Jasiak,<\/p>\n\n\n\n<p>Maria Krezymon,<\/p>\n\n\n\n<p>Bernard Golder,<\/p>\n\n\n\n<p>Regel Juliusz,<\/p>\n\n\n\n<p>Martewicz Teresa,<\/p>\n\n\n\n<p>Napi\u00f3rkowski Kazimierz,<\/p>\n\n\n\n<p>\u0141awicki Tadeusz,<\/p>\n\n\n\n<p><em>cz\u0142onek honorowy<\/em> &#8211; dr hab. Stefan Smoczy\u0144ski, <\/p>\n\n\n\n<h2 class=\"wp-block-heading\" id=\"uchwaly-zarzadu-utw\">Uchwa\u0142y ZARZ\u0104DU UTW<\/h2>\n\n\n\n<p><strong>ROK 2021<\/strong><\/p>\n\n\n\n<p><a href=\"http:\/\/utwnml.pl\/wp-content\/uploads\/2021\/08\/Uchwala-nr-3-z-pieczatka-2.pdf\">Uchwa\u0142a nr 3\/2021<\/a><\/p>\n\n\n\n<p><strong>ROK 2022 <\/strong><\/p>\n\n\n\n<p><\/p>\n\n\n\n<p><\/p>\n","protected":false},"excerpt":{"rendered":"<p>STATUT UTW W\u0142adze UTW\u00a0wybrane przez Walne Zebranie w dniu 25 czerwiec 2024r. ZARZ\u0104D prezes&nbsp;&#8211; &nbsp;El\u017cbieta Grzonkowska v-ce prezes&nbsp;&nbsp;&#8211; Lech Bober v-ce prezes&nbsp;&nbsp;&#8211; Krzysztof Wietecha sekretarz\u00a0&#8211; Maria Jolanta Krezymon skarbnik&nbsp;&#8211; Zofia Otremba cz\u0142onek zarz\u0105du\u00a0&#8211; Ewa Wy\u017clic cz\u0142onek zarz\u0105du\u00a0&#8211; Janina Niewska cz\u0142onek zarz\u0105du\u00a0&#8211; Joanna Taranowska cz\u0142onek zarz\u0105du &#8211;&nbsp;Aleksandra Regel-Wi\u015bniewska Komisja Rewizyjna&nbsp;: przewodnicz\u0105ca&nbsp;&#8211; Emilia Peterlejtner z-ca przewodnicz\u0105cej\u00a0&#8211; Krystyna &#8230; <a href=\"https:\/\/utwnml.pl\/index.php\/akty-prawne\/\" class=\"more-link\">Read More<span class=\"screen-reader-text\"> &#8222;Akty prawne&#8221;<\/span> &raquo;<\/a><\/p>\n","protected":false},"author":2,"featured_media":0,"parent":0,"menu_order":0,"comment_status":"closed","ping_status":"closed","template":"page-templates\/right-sidebar.php","meta":{"footnotes":""},"class_list":["post-16","page","type-page","status-publish","hentry"],"_links":{"self":[{"href":"https:\/\/utwnml.pl\/index.php\/wp-json\/wp\/v2\/pages\/16","targetHints":{"allow":["GET"]}}],"collection":[{"href":"https:\/\/utwnml.pl\/index.php\/wp-json\/wp\/v2\/pages"}],"about":[{"href":"https:\/\/utwnml.pl\/index.php\/wp-json\/wp\/v2\/types\/page"}],"author":[{"embeddable":true,"href":"https:\/\/utwnml.pl\/index.php\/wp-json\/wp\/v2\/users\/2"}],"replies":[{"embeddable":true,"href":"https:\/\/utwnml.pl\/index.php\/wp-json\/wp\/v2\/comments?post=16"}],"version-history":[{"count":14,"href":"https:\/\/utwnml.pl\/index.php\/wp-json\/wp\/v2\/pages\/16\/revisions"}],"predecessor-version":[{"id":2286,"href":"https:\/\/utwnml.pl\/index.php\/wp-json\/wp\/v2\/pages\/16\/revisions\/2286"}],"wp:attachment":[{"href":"https:\/\/utwnml.pl\/index.php\/wp-json\/wp\/v2\/media?parent=16"}],"curies":[{"name":"wp","href":"https:\/\/api.w.org\/{rel}","templated":true}]}}