{"id":20,"date":"2021-01-15T13:09:25","date_gmt":"2021-01-15T12:09:25","guid":{"rendered":"http:\/\/serwer1307223.home.pl\/utw\/?page_id=20"},"modified":"2021-08-19T13:32:24","modified_gmt":"2021-08-19T11:32:24","slug":"linki","status":"publish","type":"page","link":"http:\/\/utwnml.pl\/index.php\/linki\/","title":{"rendered":"Linki"},"content":{"rendered":"\n<p class=\"has-text-align-center\"><a href=\"https:\/\/www.umnowemiasto.pl\/\">Urz\u0105d miasta<br> <img loading=\"lazy\" decoding=\"async\" width=\"200\" height=\"228\" class=\"wp-image-341\" style=\"width: 200px;\" src=\"http:\/\/serwer1307223.home.pl\/utw\/wp-content\/uploads\/2021\/05\/logo-urzad-miasta-nml.png\" alt=\"\" srcset=\"http:\/\/utwnml.pl\/wp-content\/uploads\/2021\/05\/logo-urzad-miasta-nml.png 525w, http:\/\/utwnml.pl\/wp-content\/uploads\/2021\/05\/logo-urzad-miasta-nml-263x300.png 263w\" sizes=\"auto, (max-width: 200px) 100vw, 200px\" \/><\/a><\/p>\n\n\n\n<p class=\"has-text-align-center\"><a href=\"https:\/\/www.powiat-nowomiejski.pl\/\">Powiat nowomiejski<br><img loading=\"lazy\" decoding=\"async\" width=\"200\" height=\"233\" class=\"wp-image-348\" style=\"width: 200px;\" src=\"http:\/\/serwer1307223.home.pl\/utw\/wp-content\/uploads\/2021\/05\/logo-powiat-nowomiejski.png\" alt=\"\" srcset=\"http:\/\/utwnml.pl\/wp-content\/uploads\/2021\/05\/logo-powiat-nowomiejski.png 800w, http:\/\/utwnml.pl\/wp-content\/uploads\/2021\/05\/logo-powiat-nowomiejski-258x300.png 258w, http:\/\/utwnml.pl\/wp-content\/uploads\/2021\/05\/logo-powiat-nowomiejski-768x893.png 768w\" sizes=\"auto, (max-width: 200px) 100vw, 200px\" \/><\/a><\/p>\n\n\n\n<p class=\"has-text-align-center\"><a href=\"https:\/\/www.rpo.gov.pl\/pl\">Rzecznik Praw Obywatelskich<br><img loading=\"lazy\" decoding=\"async\" width=\"300\" height=\"115\" class=\"wp-image-305\" style=\"width: 300px;\" src=\"http:\/\/serwer1307223.home.pl\/utw\/wp-content\/uploads\/2021\/05\/logo-rpo.png\" alt=\"\" srcset=\"http:\/\/utwnml.pl\/wp-content\/uploads\/2021\/05\/logo-rpo.png 363w, http:\/\/utwnml.pl\/wp-content\/uploads\/2021\/05\/logo-rpo-300x115.png 300w\" sizes=\"auto, (max-width: 300px) 100vw, 300px\" \/><\/a><\/p>\n\n\n\n<p class=\"has-text-align-center\"><a href=\"http:\/\/www.federacjautw.olsztyn.pl\/\">Federacja Uniwersytet\u00f3w Trzeciego Wieku Warmii i Mazur<br><img loading=\"lazy\" decoding=\"async\" width=\"200\" height=\"200\" class=\"wp-image-327\" style=\"width: 200px;\" src=\"http:\/\/serwer1307223.home.pl\/utw\/wp-content\/uploads\/2021\/05\/logo-federacja-utw-warmii-i-mazur.png\" alt=\"\"><\/a><\/p>\n\n\n\n<p class=\"has-text-align-center\"><a href=\"https:\/\/glosseniora.pl\/\">G\u0142os seniora<br><img loading=\"lazy\" decoding=\"async\" width=\"300\" height=\"138\" class=\"wp-image-72\" style=\"width: 300px;\" src=\"http:\/\/serwer1307223.home.pl\/utw\/wp-content\/uploads\/2021\/01\/gos-seniora.jpg\" alt=\"\"><\/a><\/p>\n\n\n\n<p class=\"has-text-align-center\"><\/p>\n\n\n\n<p class=\"has-text-align-center\"><a href=\"https:\/\/www.youtube.com\/channel\/UCYgIP40YA10WSahSxNSDJ8Q\">Kana\u0142 YOUTUBE<br><img loading=\"lazy\" decoding=\"async\" width=\"200\" height=\"200\" class=\"wp-image-368\" style=\"width: 200px;\" src=\"http:\/\/serwer1307223.home.pl\/utw\/wp-content\/uploads\/2021\/06\/youtube_social_squircle_red.png\" alt=\"\" srcset=\"http:\/\/utwnml.pl\/wp-content\/uploads\/2021\/06\/youtube_social_squircle_red.png 1024w, http:\/\/utwnml.pl\/wp-content\/uploads\/2021\/06\/youtube_social_squircle_red-300x300.png 300w, http:\/\/utwnml.pl\/wp-content\/uploads\/2021\/06\/youtube_social_squircle_red-150x150.png 150w, http:\/\/utwnml.pl\/wp-content\/uploads\/2021\/06\/youtube_social_squircle_red-768x768.png 768w\" sizes=\"auto, (max-width: 200px) 100vw, 200px\" \/><\/a><\/p>\n\n\n\n<p class=\"has-text-align-center\"><a href=\"https:\/\/gazetaolsztynska.pl\/nowemiasto\/\">gazeta nowomiejska<br><img loading=\"lazy\" decoding=\"async\" width=\"300\" height=\"82\" class=\"wp-image-303\" style=\"width: 300px;\" src=\"http:\/\/serwer1307223.home.pl\/utw\/wp-content\/uploads\/2021\/05\/logo-gazeta-nowomiejska-e1622446075862.jpg\" alt=\"\" srcset=\"http:\/\/utwnml.pl\/wp-content\/uploads\/2021\/05\/logo-gazeta-nowomiejska-e1622446075862.jpg 1185w, http:\/\/utwnml.pl\/wp-content\/uploads\/2021\/05\/logo-gazeta-nowomiejska-e1622446075862-300x82.jpg 300w, http:\/\/utwnml.pl\/wp-content\/uploads\/2021\/05\/logo-gazeta-nowomiejska-e1622446075862-1024x278.jpg 1024w, http:\/\/utwnml.pl\/wp-content\/uploads\/2021\/05\/logo-gazeta-nowomiejska-e1622446075862-768x209.jpg 768w\" sizes=\"auto, (max-width: 300px) 100vw, 300px\" \/><\/a><\/p>\n\n\n\n<p class=\"has-text-align-center\"><a href=\"https:\/\/www.facebook.com\/utwnml\">Facebook UTW<br><img loading=\"lazy\" decoding=\"async\" width=\"200\" height=\"200\" class=\"wp-image-432\" style=\"width: 200px;\" src=\"http:\/\/utwnml.pl\/wp-content\/uploads\/2021\/08\/fb-logo.png\" alt=\"\" srcset=\"http:\/\/utwnml.pl\/wp-content\/uploads\/2021\/08\/fb-logo.png 225w, http:\/\/utwnml.pl\/wp-content\/uploads\/2021\/08\/fb-logo-150x150.png 150w\" sizes=\"auto, (max-width: 200px) 100vw, 200px\" \/> <\/a><\/p>\n","protected":false},"excerpt":{"rendered":"<p>Urz\u0105d miasta Powiat nowomiejski Rzecznik Praw Obywatelskich Federacja Uniwersytet\u00f3w Trzeciego Wieku Warmii i Mazur G\u0142os seniora Kana\u0142 YOUTUBE gazeta nowomiejska Facebook UTW<\/p>\n","protected":false},"author":2,"featured_media":0,"parent":0,"menu_order":0,"comment_status":"closed","ping_status":"closed","template":"page-templates\/right-sidebar.php","meta":{"footnotes":""},"class_list":["post-20","page","type-page","status-publish","hentry"],"_links":{"self":[{"href":"http:\/\/utwnml.pl\/index.php\/wp-json\/wp\/v2\/pages\/20","targetHints":{"allow":["GET"]}}],"collection":[{"href":"http:\/\/utwnml.pl\/index.php\/wp-json\/wp\/v2\/pages"}],"about":[{"href":"http:\/\/utwnml.pl\/index.php\/wp-json\/wp\/v2\/types\/page"}],"author":[{"embeddable":true,"href":"http:\/\/utwnml.pl\/index.php\/wp-json\/wp\/v2\/users\/2"}],"replies":[{"embeddable":true,"href":"http:\/\/utwnml.pl\/index.php\/wp-json\/wp\/v2\/comments?post=20"}],"version-history":[{"count":62,"href":"http:\/\/utwnml.pl\/index.php\/wp-json\/wp\/v2\/pages\/20\/revisions"}],"predecessor-version":[{"id":449,"href":"http:\/\/utwnml.pl\/index.php\/wp-json\/wp\/v2\/pages\/20\/revisions\/449"}],"wp:attachment":[{"href":"http:\/\/utwnml.pl\/index.php\/wp-json\/wp\/v2\/media?parent=20"}],"curies":[{"name":"wp","href":"https:\/\/api.w.org\/{rel}","templated":true}]}}